{"id":1534,"date":"2025-08-29T16:59:43","date_gmt":"2025-08-29T16:59:43","guid":{"rendered":"https:\/\/leanful.com\/de\/?page_id=1534"},"modified":"2025-10-02T11:20:22","modified_gmt":"2025-10-02T11:20:22","slug":"versandinformationen","status":"publish","type":"page","link":"https:\/\/leanful.com\/de\/versandinformationen\/","title":{"rendered":"Versandinformationen"},"content":{"rendered":"\t\t<div data-elementor-type=\"wp-page\" data-elementor-id=\"1534\" class=\"elementor elementor-1534\" data-elementor-post-type=\"page\">\n\t\t\t\t<div class=\"elementor-element elementor-element-cbed686 e-flex e-con-boxed e-con e-parent\" data-id=\"cbed686\" data-element_type=\"container\" data-e-type=\"container\">\n\t\t\t\t\t<div class=\"e-con-inner\">\n\t\t\t\t<div class=\"elementor-element elementor-element-5067d6d2 elementor-widget elementor-widget-text-editor\" data-id=\"5067d6d2\" data-element_type=\"widget\" data-e-type=\"widget\" data-widget_type=\"text-editor.default\">\n\t\t\t\t\t\t\t\t\t\n<h2 class=\"wp-block-heading\"><strong>Versandrichtlinie<\/strong><\/h2>\n\n<p>Bei Leanful\u2122 bem\u00fchen wir uns, alle Bestellungen innerhalb von 3 Werktagen (au\u00dfer an Wochenenden und gesetzlichen Feiertagen) nach Eingang Ihrer Bestellbest\u00e4tigung zu bearbeiten. Sobald Ihre Bestellung versendet wurde, erhalten Sie eine separate Benachrichtigung mit den Sendungsverfolgungsdaten.<\/p>\n\n<p><strong>Versandoptionen<\/strong><\/p>\n\n<ul class=\"wp-block-list\">\n<li>Standardversand (2\u201310 Werktage):<strong><br \/><\/strong>\n<ul class=\"wp-block-list\">\n<li>Bestellungen unter 70 \u20ac: 5,95 \u20ac<\/li>\n\n<li>Bestellungen \u00fcber 70 \u20ac: kostenlos<\/li>\n<\/ul>\n<\/li>\n<\/ul>\n\n<p><em>Hinweis: F\u00fcr Verz\u00f6gerungen seitens der Versanddienstleister \u00fcbernehmen wir keine Verantwortung.<\/em><\/p>\n<hr class=\"wp-block-separator has-alpha-channel-opacity\" \/>\n<h2 class=\"wp-block-heading\"><strong>Internationaler Versand<\/strong><\/h2>\n\n<p>Auch internationale Bestellungen werden innerhalb von 3 Werktagen bearbeitet (ausgenommen Wochenenden und Feiertage). Bei vorbestellten Artikeln erfolgt die Bearbeitung innerhalb von 3 Werktagen, nachdem der Artikel wieder auf Lager ist.<\/p>\n\n<p>Nach erfolgreicher Bestellung erhalten Sie eine Best\u00e4tigungs-E-Mail mit den Bestelldetails. Falls Sie die E-Mail nicht sehen, pr\u00fcfen Sie bitte Ihren Spam-Ordner oder kontaktieren Sie uns.<\/p>\n\n<p>Sollten Sie Unterst\u00fctzung bei Ihrer Bestellung ben\u00f6tigen, wenden Sie sich bitte umgehend an uns. Bitte beachten Sie, dass \u00c4nderungen nach dem Versand nicht mehr m\u00f6glich sind.<\/p>\n\n<p>Stellen Sie sicher, dass die Lieferadresse korrekt angegeben ist. F\u00fcr nicht zugestellte Sendungen aufgrund falscher Adressangaben \u00fcbernehmen wir keine Haftung. Sollte eine Bestellung wegen einer falschen Adresse zur\u00fcckgesendet werden, erstatten wir den urspr\u00fcnglichen Bestellbetrag (abz\u00fcglich Versandkosten) und bitten Sie, eine neue Bestellung aufzugeben.<\/p>\n\n<p><strong>Lieferzeiten nach Region<\/strong><\/p>\n\n<figure class=\"wp-block-table\">\n<table class=\"has-fixed-layout\">\n<tbody>\n<tr>\n<td><strong>Region<\/strong><\/td>\n<td><strong>Estimated Delivery Time<\/strong><\/td>\n<td>\u00a0<\/td>\n<\/tr>\n<tr>\n<td>Vereinigte Staaten<\/td>\n<td>3\u201310 Werktage<\/td>\n<td>\u00a0<\/td>\n<\/tr>\n<tr>\n<td>Vereinigtes K\u00f6nigreich<\/td>\n<td>2\u20137 Werktage<\/td>\n<td>\u00a0<\/td>\n<\/tr>\n<tr>\n<td>Europa<\/td>\n<td>2\u20137 Werktage<\/td>\n<td>\u00a0<\/td>\n<\/tr>\n<tr>\n<td>Australien \/ Welt<\/td>\n<td>5\u201315 Werktage<\/td>\n<td>\u00a0<\/td>\n<\/tr>\n<\/tbody>\n<\/table>\n<\/figure>\n\n<p><em>Hinweis: Verz\u00f6gerungen durch Versanddienstleister liegen au\u00dferhalb unseres Einflussbereichs.<\/em><\/p>\n<hr class=\"wp-block-separator has-alpha-channel-opacity\" \/>\n<h2 class=\"wp-block-heading\"><strong>R\u00fcckerstattungsrichtlinie<\/strong><\/h2>\n\n<p>Wir akzeptieren R\u00fccksendungen innerhalb von <strong>90 Tagen<\/strong> nach Lieferung, sofern die Ware unbenutzt und im Originalzustand ist. In diesem Fall erfolgt eine vollst\u00e4ndige R\u00fcckerstattung abz\u00fcglich der R\u00fccksendekosten.<\/p>\n\n<p>Falls Ihre Bestellung besch\u00e4digt ankommt, kontaktieren Sie uns bitte umgehend unter support@leanful.com \/de und f\u00fcgen Sie Ihre Bestellnummer sowie ein Foto des besch\u00e4digten Artikels bei. Jeder Fall wird individuell gepr\u00fcft, und wir bem\u00fchen uns um eine zufriedenstellende L\u00f6sung.<\/p>\n\n<p>Sobald wir Ihre R\u00fccksendung erhalten und gepr\u00fcft haben, senden wir Ihnen eine Best\u00e4tigungs-E-Mail. Au\u00dferdem informieren wir Sie, ob Ihre R\u00fcckerstattung genehmigt oder abgelehnt wurde. Im Falle einer Genehmigung wird die R\u00fcckerstattung innerhalb von 10 Tagen \u00fcber die urspr\u00fcngliche Zahlungsmethode gutgeschrieben.<\/p>\n<hr class=\"wp-block-separator has-alpha-channel-opacity\" \/>\n<h2 class=\"wp-block-heading\"><strong>Bestellabwicklung<\/strong><\/h2>\n\n<ol class=\"wp-block-list\">\n<li>Bestellungen werden innerhalb von <strong>3 Werktagen<\/strong> bearbeitet (au\u00dfer an Wochenenden und Feiertagen).<\/li>\n\n<li>Vorbestellte Artikel werden innerhalb von 3 Werktagen nach Wiedereingang im Lager bearbeitet.<\/li>\n\n<li>Nach Aufgabe Ihrer Bestellung erhalten Sie eine Best\u00e4tigungs-E-Mail mit den Bestelldetails. Sollten Sie die E-Mail nicht erhalten, pr\u00fcfen Sie bitte Ihren Spam-Ordner oder kontaktieren Sie uns.<\/li>\n\n<li>\u00c4nderungen an einer Bestellung sind nach dem Versand nicht mehr m\u00f6glich. Bitte stellen Sie sicher, dass Ihre Lieferadresse korrekt ist. F\u00fcr nicht zugestellte Sendungen aufgrund von Adressfehlern \u00fcbernehmen wir keine Verantwortung. Wird eine Bestellung deswegen zur\u00fcckgesendet, erstatten wir den urspr\u00fcnglichen Bestellwert (abz\u00fcglich Versandkosten) und bitten Sie, eine neue Bestellung aufzugeben.<\/li>\n<\/ol>\n\n<h2 class=\"wp-block-heading\">Hilfe ben\u00f6tigt?<\/h2>\n\n<p>Kontaktieren Sie uns bei Fragen zu R\u00fccksendungen oder R\u00fcckerstattungen unter: support@leanful.com<\/p>\n\t\t\t\t\t\t\t\t<\/div>\n\t\t\t\t\t<\/div>\n\t\t\t\t<\/div>\n\t\t\t\t<\/div>\n\t\t","protected":false},"excerpt":{"rendered":"<p>Versandrichtlinie Bei Leanful\u2122 bem\u00fchen wir uns, alle Bestellungen innerhalb von 3 Werktagen (au\u00dfer an Wochenenden und gesetzlichen Feiertagen) nach Eingang Ihrer Bestellbest\u00e4tigung zu bearbeiten. Sobald Ihre Bestellung versendet wurde, erhalten Sie eine separate Benachrichtigung mit den Sendungsverfolgungsdaten. Versandoptionen Hinweis: F\u00fcr Verz\u00f6gerungen seitens der Versanddienstleister \u00fcbernehmen wir keine Verantwortung. Internationaler Versand Auch internationale Bestellungen werden innerhalb [&hellip;]<\/p>\n","protected":false},"author":1,"featured_media":0,"parent":0,"menu_order":0,"comment_status":"closed","ping_status":"closed","template":"","meta":{"slim_seo":{"title":"Leanful\u2122 | Versand- & R\u00fcckerstattungsrichtlinie","description":"Lesen Sie die Versand- und R\u00fcckerstattungsrichtlinie von Leanful\u2122. Erfahren Sie mehr \u00fcber Lieferzeiten, internationale Versandoptionen und wie unsere 90-Tage-Geld-zur\u00fcck-Garantie funktioniert \u2013 damit Sie mit Vertrauen einkaufen k\u00f6nnen."},"footnotes":""},"class_list":["post-1534","page","type-page","status-publish","hentry"],"_links":{"self":[{"href":"https:\/\/leanful.com\/de\/wp-json\/wp\/v2\/pages\/1534","targetHints":{"allow":["GET"]}}],"collection":[{"href":"https:\/\/leanful.com\/de\/wp-json\/wp\/v2\/pages"}],"about":[{"href":"https:\/\/leanful.com\/de\/wp-json\/wp\/v2\/types\/page"}],"author":[{"embeddable":true,"href":"https:\/\/leanful.com\/de\/wp-json\/wp\/v2\/users\/1"}],"replies":[{"embeddable":true,"href":"https:\/\/leanful.com\/de\/wp-json\/wp\/v2\/comments?post=1534"}],"version-history":[{"count":14,"href":"https:\/\/leanful.com\/de\/wp-json\/wp\/v2\/pages\/1534\/revisions"}],"predecessor-version":[{"id":2726,"href":"https:\/\/leanful.com\/de\/wp-json\/wp\/v2\/pages\/1534\/revisions\/2726"}],"wp:attachment":[{"href":"https:\/\/leanful.com\/de\/wp-json\/wp\/v2\/media?parent=1534"}],"curies":[{"name":"wp","href":"https:\/\/api.w.org\/{rel}","templated":true}]}}