{"id":2489,"date":"2025-09-18T20:58:44","date_gmt":"2025-09-18T20:58:44","guid":{"rendered":"https:\/\/leanful.com\/de\/?page_id=2489"},"modified":"2025-10-02T11:16:39","modified_gmt":"2025-10-02T11:16:39","slug":"ueber-uns","status":"publish","type":"page","link":"https:\/\/leanful.com\/de\/ueber-uns\/","title":{"rendered":"\u00dcber uns"},"content":{"rendered":"\t\t<div data-elementor-type=\"wp-page\" data-elementor-id=\"2489\" class=\"elementor elementor-2489\" data-elementor-post-type=\"page\">\n\t\t\t\t<div class=\"elementor-element elementor-element-73b5e4d e-flex e-con-boxed e-con e-parent\" data-id=\"73b5e4d\" data-element_type=\"container\" data-e-type=\"container\" data-settings=\"{&quot;background_background&quot;:&quot;classic&quot;}\">\n\t\t\t\t\t<div class=\"e-con-inner\">\n\t\t\t\t<div class=\"elementor-element elementor-element-1ac10ac elementor-widget__width-initial elementor-widget-tablet__width-inherit elementor-widget elementor-widget-heading\" data-id=\"1ac10ac\" data-element_type=\"widget\" data-e-type=\"widget\" data-widget_type=\"heading.default\">\n\t\t\t\t\t<h2 class=\"elementor-heading-title elementor-size-default\">\u00dcber uns<\/h2>\t\t\t\t<\/div>\n\t\t\t\t\t<\/div>\n\t\t\t\t<\/div>\n\t\t<div class=\"elementor-element elementor-element-28767328 e-flex e-con-boxed e-con e-parent\" data-id=\"28767328\" data-element_type=\"container\" data-e-type=\"container\" data-settings=\"{&quot;background_background&quot;:&quot;classic&quot;}\">\n\t\t\t\t\t<div class=\"e-con-inner\">\n\t\t<div class=\"elementor-element elementor-element-7e0adb41 e-flex e-con-boxed e-con e-child\" data-id=\"7e0adb41\" data-element_type=\"container\" data-e-type=\"container\">\n\t\t\t\t\t<div class=\"e-con-inner\">\n\t\t<div class=\"elementor-element elementor-element-63afa5ea e-con-full animated-fast e-flex elementor-invisible e-con e-child\" data-id=\"63afa5ea\" data-element_type=\"container\" data-e-type=\"container\" data-settings=\"{&quot;animation&quot;:&quot;fadeIn&quot;,&quot;animation_delay&quot;:&quot;500&quot;}\">\n\t\t\t\t<div class=\"elementor-element elementor-element-48284c2b elementor-widget__width-initial elementor-widget-tablet__width-inherit elementor-widget elementor-widget-heading\" data-id=\"48284c2b\" data-element_type=\"widget\" data-e-type=\"widget\" data-widget_type=\"heading.default\">\n\t\t\t\t\t<h1 class=\"elementor-heading-title elementor-size-default\">Unsere Geschichte<\/h1>\t\t\t\t<\/div>\n\t\t\t\t<div class=\"elementor-element elementor-element-6c811f49 elementor-widget elementor-widget-text-editor\" data-id=\"6c811f49\" data-element_type=\"widget\" data-e-type=\"widget\" data-widget_type=\"text-editor.default\">\n\t\t\t\t\t\t\t\t\t<p>Leanful\u2122 entstand aus einem einfachen, aber starken Glauben:<\/p><p><strong>dass sich leichter f\u00fchlen \u2013 im K\u00f6rper und im Leben \u2013 niemals auf Kosten deiner Gesundheit gehen sollte.<\/strong><\/p><p>Zu lange war die Welt der Abnehmpr\u00e4parate gepr\u00e4gt von starken Stimulanzien, leeren Versprechen und ungesunden Extremen. Wir wollten etwas anderes schaffen: einen Clean-Label-Fatburner, der deinen Rhythmus, dein Wohlbefinden und deine langfristigen Ergebnisse unterst\u00fctzt.<\/p>\t\t\t\t\t\t\t\t<\/div>\n\t\t\t\t<div class=\"elementor-element elementor-element-567ad3f elementor-widget__width-initial elementor-widget-tablet__width-inherit elementor-widget elementor-widget-heading\" data-id=\"567ad3f\" data-element_type=\"widget\" data-e-type=\"widget\" data-widget_type=\"heading.default\">\n\t\t\t\t\t<h1 class=\"elementor-heading-title elementor-size-default\">Unsere Philosophie<\/h1>\t\t\t\t<\/div>\n\t\t\t\t<div class=\"elementor-element elementor-element-2e1e39c elementor-widget elementor-widget-text-editor\" data-id=\"2e1e39c\" data-element_type=\"widget\" data-e-type=\"widget\" data-widget_type=\"text-editor.default\">\n\t\t\t\t\t\t\t\t\t<p>Wir glauben, dass echter Fortschritt nicht darin besteht, den K\u00f6rper zu bestrafen \u2013 sondern ihn zu unterst\u00fctzen.<\/p><p>Darum wurde Leanful\u2122 entwickelt, um:<\/p><ul><li><p class=\"p1\"><span class=\"s1\"><b>Fett smarter zu verbrennen<\/b><\/span> durch Stoffwechsel- und Appetitunterst\u00fctzung.<\/p><\/li><li><p class=\"p1\"><span class=\"s1\"><b>Mit deinem K\u00f6rper zu arbeiten, nicht gegen ihn<\/b><\/span> \u2014 saubere Energie, ohne Nervosit\u00e4t oder Einbr\u00fcche.<\/p><\/li><li><p class=\"p1\"><span class=\"s1\"><b>Nahtlos in dein Leben zu passen<\/b><\/span> \u2014 ob im Badezimmerschrank oder in deiner Sporttasche.<\/p><\/li><li><p class=\"p1\"><span class=\"s1\"><b>Konstanz zu f\u00f6rdern<\/b><\/span> damit du dich jeden Tag in Kontrolle f\u00fchlst.<\/p><\/li><\/ul>\t\t\t\t\t\t\t\t<\/div>\n\t\t\t\t<\/div>\n\t\t<div class=\"elementor-element elementor-element-007f2f1 e-con-full animated-fast e-flex elementor-invisible e-con e-child\" data-id=\"007f2f1\" data-element_type=\"container\" data-e-type=\"container\" data-settings=\"{&quot;animation&quot;:&quot;fadeIn&quot;,&quot;animation_delay&quot;:&quot;500&quot;}\">\n\t\t\t\t<div class=\"elementor-element elementor-element-7bb3610 elementor-widget elementor-widget-image\" data-id=\"7bb3610\" data-element_type=\"widget\" data-e-type=\"widget\" data-widget_type=\"image.default\">\n\t\t\t\t\t\t\t\t\t\t\t\t\t\t\t<img fetchpriority=\"high\" decoding=\"async\" width=\"483\" height=\"724\" src=\"https:\/\/leanful.com\/de\/wp-content\/uploads\/sites\/4\/2025\/09\/about-us-02.webp\" class=\"attachment-large size-large wp-image-2553\" alt=\"About us 02\" srcset=\"https:\/\/leanful.com\/de\/wp-content\/uploads\/sites\/4\/2025\/09\/about-us-02.webp 483w, https:\/\/leanful.com\/de\/wp-content\/uploads\/sites\/4\/2025\/09\/about-us-02-200x300.webp 200w\" sizes=\"(max-width: 483px) 100vw, 483px\" \/>\t\t\t\t\t\t\t\t\t\t\t\t\t\t\t<\/div>\n\t\t\t\t<\/div>\n\t\t\t\t\t<\/div>\n\t\t\t\t<\/div>\n\t\t\t\t\t<\/div>\n\t\t\t\t<\/div>\n\t\t<div class=\"elementor-element elementor-element-6510b245 e-flex e-con-boxed e-con e-parent\" data-id=\"6510b245\" data-element_type=\"container\" data-e-type=\"container\" data-settings=\"{&quot;background_background&quot;:&quot;classic&quot;}\">\n\t\t\t\t\t<div class=\"e-con-inner\">\n\t\t<div class=\"elementor-element elementor-element-3b136cfb e-flex e-con-boxed e-con e-child\" data-id=\"3b136cfb\" data-element_type=\"container\" data-e-type=\"container\">\n\t\t\t\t\t<div class=\"e-con-inner\">\n\t\t<div class=\"elementor-element elementor-element-41f964da e-con-full animated-fast e-flex elementor-invisible e-con e-child\" data-id=\"41f964da\" data-element_type=\"container\" data-e-type=\"container\" data-settings=\"{&quot;animation&quot;:&quot;fadeIn&quot;,&quot;animation_delay&quot;:&quot;500&quot;}\">\n\t\t\t\t<div class=\"elementor-element elementor-element-353bef2 elementor-widget__width-initial elementor-widget-tablet__width-inherit elementor-widget elementor-widget-heading\" data-id=\"353bef2\" data-element_type=\"widget\" data-e-type=\"widget\" data-widget_type=\"heading.default\">\n\t\t\t\t\t<h1 class=\"elementor-heading-title elementor-size-default\">Wissenschaft trifft Self-Care<\/h1>\t\t\t\t<\/div>\n\t\t\t\t<div class=\"elementor-element elementor-element-47d7092 elementor-widget elementor-widget-text-editor\" data-id=\"47d7092\" data-element_type=\"widget\" data-e-type=\"widget\" data-widget_type=\"text-editor.default\">\n\t\t\t\t\t\t\t\t\t<p>Jede Kapsel Leanful\u2122 basiert auf wissenschaftlichen Erkenntnissen und sorgf\u00e4ltig ausgew\u00e4hlten Inhaltsstoffen \u2013 von Gr\u00fcntee und Bitterorange bis hin zu Kurkuma, Cholin und mehr. Jeder einzelne tr\u00e4gt zu Stoffwechsel, Energie oder Appetitbalance bei. Gemeinsam bilden sie einen mehrdimensionalen Ansatz, der Ergebnisse ohne Extreme erm\u00f6glicht.<\/p><p>Doch Leanful\u2122 dreht sich nicht nur um Inhaltsstoffe. Es geht um das Gef\u00fchl, wenn dein Supplement mit dir arbeitet: ruhige Energie, stetiger Fortschritt und Vertrauen in deinen eigenen Flow.<\/p>\t\t\t\t\t\t\t\t<\/div>\n\t\t\t\t<\/div>\n\t\t\t\t\t<\/div>\n\t\t\t\t<\/div>\n\t\t\t\t\t<\/div>\n\t\t\t\t<\/div>\n\t\t<div class=\"elementor-element elementor-element-1e46a89 e-flex e-con-boxed e-con e-parent\" data-id=\"1e46a89\" data-element_type=\"container\" data-e-type=\"container\" data-settings=\"{&quot;background_background&quot;:&quot;classic&quot;}\">\n\t\t\t\t\t<div class=\"e-con-inner\">\n\t\t<div class=\"elementor-element elementor-element-2133ce1 e-flex e-con-boxed e-con e-child\" data-id=\"2133ce1\" data-element_type=\"container\" data-e-type=\"container\">\n\t\t\t\t\t<div class=\"e-con-inner\">\n\t\t<div class=\"elementor-element elementor-element-f193659 e-con-full animated-fast e-flex elementor-invisible e-con e-child\" data-id=\"f193659\" data-element_type=\"container\" data-e-type=\"container\" data-settings=\"{&quot;animation&quot;:&quot;fadeIn&quot;,&quot;animation_delay&quot;:&quot;500&quot;}\">\n\t\t\t\t<div class=\"elementor-element elementor-element-7f54e55 elementor-widget__width-initial elementor-widget-tablet__width-inherit elementor-widget elementor-widget-heading\" data-id=\"7f54e55\" data-element_type=\"widget\" data-e-type=\"widget\" data-widget_type=\"heading.default\">\n\t\t\t\t\t<h1 class=\"elementor-heading-title elementor-size-default\">Unser Versprechen<\/h1>\t\t\t\t<\/div>\n\t\t\t\t<div class=\"elementor-element elementor-element-cd560e8 elementor-widget elementor-widget-text-editor\" data-id=\"cd560e8\" data-element_type=\"widget\" data-e-type=\"widget\" data-widget_type=\"text-editor.default\">\n\t\t\t\t\t\t\t\t\t<p>Wir wissen, dass die Wahl des richtigen Supplements pers\u00f6nlich ist. Darum stehen wir hinter Leanful\u2122 mit einer 90-Tage-Risikofrei-Garantie. Wenn du dich nicht leichter, gelassener und kontrollierter f\u00fchlst, hast du nichts zu verlieren \u2013 au\u00dfer dem Gewicht, das dich zur\u00fcckh\u00e4lt.<\/p><p><strong>Denn bei Leanful\u2122 z\u00e4hlt dein Vertrauen mehr als jeder Hype.<\/strong><\/p>\t\t\t\t\t\t\t\t<\/div>\n\t\t\t\t<\/div>\n\t\t<div class=\"elementor-element elementor-element-b2dfe60 e-con-full animated-fast e-flex elementor-invisible e-con e-child\" data-id=\"b2dfe60\" data-element_type=\"container\" data-e-type=\"container\" data-settings=\"{&quot;animation&quot;:&quot;fadeIn&quot;,&quot;animation_delay&quot;:&quot;500&quot;}\">\n\t\t\t\t<div class=\"elementor-element elementor-element-99782dc elementor-widget__width-initial elementor-widget-tablet__width-inherit elementor-widget elementor-widget-heading\" data-id=\"99782dc\" data-element_type=\"widget\" data-e-type=\"widget\" data-widget_type=\"heading.default\">\n\t\t\t\t\t<h1 class=\"elementor-heading-title elementor-size-default\">Unsere Mission<\/h1>\t\t\t\t<\/div>\n\t\t\t\t<div class=\"elementor-element elementor-element-f2a93bb elementor-widget elementor-widget-text-editor\" data-id=\"f2a93bb\" data-element_type=\"widget\" data-e-type=\"widget\" data-widget_type=\"text-editor.default\">\n\t\t\t\t\t\t\t\t\t<p>Menschen dabei zu helfen, den Kreislauf aus schnellen L\u00f6sungen und Extremen zu durchbrechen \u2013 und in eine neue \u00c4ra des Fatburnings einzutreten, bei der Wellness an erster Stelle steht: sauber, ausgewogen und nachhaltig.<\/p>\t\t\t\t\t\t\t\t<\/div>\n\t\t\t\t<\/div>\n\t\t\t\t\t<\/div>\n\t\t\t\t<\/div>\n\t\t\t\t\t<\/div>\n\t\t\t\t<\/div>\n\t\t<div class=\"elementor-element elementor-element-502f5098 e-flex e-con-boxed e-con e-parent\" data-id=\"502f5098\" data-element_type=\"container\" data-e-type=\"container\" data-settings=\"{&quot;background_background&quot;:&quot;classic&quot;}\">\n\t\t\t\t\t<div class=\"e-con-inner\">\n\t\t<div class=\"elementor-element elementor-element-4c77a665 e-con-full animated-fast e-flex elementor-invisible e-con e-child\" data-id=\"4c77a665\" data-element_type=\"container\" data-e-type=\"container\" data-settings=\"{&quot;animation&quot;:&quot;fadeIn&quot;,&quot;animation_delay&quot;:&quot;500&quot;}\">\n\t\t\t\t<div class=\"elementor-element elementor-element-6ef31fcd elementor-widget elementor-widget-heading\" data-id=\"6ef31fcd\" data-element_type=\"widget\" data-e-type=\"widget\" data-widget_type=\"heading.default\">\n\t\t\t\t\t<h1 class=\"elementor-heading-title elementor-size-default\">Lean ist nicht nur ein Look. Es ist ein Gef\u00fchl.\n<\/h1>\t\t\t\t<\/div>\n\t\t\t\t<div class=\"elementor-element elementor-element-528d7977 elementor-mobile-align-justify elementor-widget elementor-widget-button\" data-id=\"528d7977\" data-element_type=\"widget\" data-e-type=\"widget\" data-widget_type=\"button.default\">\n\t\t\t\t\t\t\t\t\t\t<a class=\"elementor-button elementor-button-link elementor-size-sm\" href=\"\/#buynow\">\n\t\t\t\t\t\t<span class=\"elementor-button-content-wrapper\">\n\t\t\t\t\t\t\t\t\t<span class=\"elementor-button-text\">Starte meine 90-Tage-Testphase<\/span>\n\t\t\t\t\t<\/span>\n\t\t\t\t\t<\/a>\n\t\t\t\t\t\t\t\t<\/div>\n\t\t\t\t<div class=\"elementor-element elementor-element-48370708 elementor-icon-list--layout-traditional elementor-list-item-link-full_width elementor-widget elementor-widget-icon-list\" data-id=\"48370708\" data-element_type=\"widget\" data-e-type=\"widget\" data-widget_type=\"icon-list.default\">\n\t\t\t\t\t\t\t<ul class=\"elementor-icon-list-items\">\n\t\t\t\t\t\t\t<li class=\"elementor-icon-list-item\">\n\t\t\t\t\t\t\t\t\t\t\t<span class=\"elementor-icon-list-icon\">\n\t\t\t\t\t\t\t<svg aria-hidden=\"true\" class=\"e-font-icon-svg e-fas-shield-alt\" viewBox=\"0 0 512 512\" xmlns=\"http:\/\/www.w3.org\/2000\/svg\"><path d=\"M466.5 83.7l-192-80a48.15 48.15 0 0 0-36.9 0l-192 80C27.7 91.1 16 108.6 16 128c0 198.5 114.5 335.7 221.5 380.3 11.8 4.9 25.1 4.9 36.9 0C360.1 472.6 496 349.3 496 128c0-19.4-11.7-36.9-29.5-44.3zM256.1 446.3l-.1-381 175.9 73.3c-3.3 151.4-82.1 261.1-175.8 307.7z\"><\/path><\/svg>\t\t\t\t\t\t<\/span>\n\t\t\t\t\t\t\t\t\t\t<span class=\"elementor-icon-list-text\">90 Tage Geld-zur\u00fcck-Garantie<\/span>\n\t\t\t\t\t\t\t\t\t<\/li>\n\t\t\t\t\t\t<\/ul>\n\t\t\t\t\t\t<\/div>\n\t\t\t\t<\/div>\n\t\t\t\t\t<\/div>\n\t\t\t\t<\/div>\n\t\t\t\t<\/div>\n\t\t","protected":false},"excerpt":{"rendered":"<p>\u00dcber uns Unsere Geschichte Leanful\u2122 entstand aus einem einfachen, aber starken Glauben: dass sich leichter f\u00fchlen \u2013 im K\u00f6rper und im Leben \u2013 niemals auf Kosten deiner Gesundheit gehen sollte. Zu lange war die Welt der Abnehmpr\u00e4parate gepr\u00e4gt von starken Stimulanzien, leeren Versprechen und ungesunden Extremen. Wir wollten etwas anderes schaffen: einen Clean-Label-Fatburner, der deinen [&hellip;]<\/p>\n","protected":false},"author":1,"featured_media":0,"parent":0,"menu_order":0,"comment_status":"closed","ping_status":"closed","template":"elementor_header_footer","meta":{"slim_seo":{"title":"Leanful\u2122 | \u00dcber uns","description":"Erfahren Sie mehr \u00fcber Leanful\u2122, das Clean-Label-Nahrungserg\u00e4nzungsmittel zur Unterst\u00fctzung einer gesunden Gewichtsabnahme, eines ausgeglichenen Stoffwechsels und des t\u00e4glichen Wohlbefindens. Entdecken Sie unsere Mission, unsere Werte und unser Engagement, Frauen und gesundheitsbewussten M\u00e4nnern zu helfen, sich leichter zu f\u00fchlen und im Einklang zu leben."},"footnotes":""},"class_list":["post-2489","page","type-page","status-publish","hentry"],"_links":{"self":[{"href":"https:\/\/leanful.com\/de\/wp-json\/wp\/v2\/pages\/2489","targetHints":{"allow":["GET"]}}],"collection":[{"href":"https:\/\/leanful.com\/de\/wp-json\/wp\/v2\/pages"}],"about":[{"href":"https:\/\/leanful.com\/de\/wp-json\/wp\/v2\/types\/page"}],"author":[{"embeddable":true,"href":"https:\/\/leanful.com\/de\/wp-json\/wp\/v2\/users\/1"}],"replies":[{"embeddable":true,"href":"https:\/\/leanful.com\/de\/wp-json\/wp\/v2\/comments?post=2489"}],"version-history":[{"count":58,"href":"https:\/\/leanful.com\/de\/wp-json\/wp\/v2\/pages\/2489\/revisions"}],"predecessor-version":[{"id":2706,"href":"https:\/\/leanful.com\/de\/wp-json\/wp\/v2\/pages\/2489\/revisions\/2706"}],"wp:attachment":[{"href":"https:\/\/leanful.com\/de\/wp-json\/wp\/v2\/media?parent=2489"}],"curies":[{"name":"wp","href":"https:\/\/api.w.org\/{rel}","templated":true}]}}