{"id":1924,"date":"2025-09-04T16:42:34","date_gmt":"2025-09-04T16:42:34","guid":{"rendered":"https:\/\/leanful.com\/es\/?page_id=1924"},"modified":"2025-12-08T15:13:37","modified_gmt":"2025-12-08T15:13:37","slug":"contactanos","status":"publish","type":"page","link":"https:\/\/leanful.com\/es\/contactanos\/","title":{"rendered":"Cont\u00e1ctanos"},"content":{"rendered":"\t\t<div data-elementor-type=\"wp-page\" data-elementor-id=\"1924\" class=\"elementor elementor-1924\" data-elementor-post-type=\"page\">\n\t\t\t\t<div class=\"elementor-element elementor-element-25f62689 e-flex e-con-boxed e-con e-parent\" data-id=\"25f62689\" data-element_type=\"container\" data-e-type=\"container\">\n\t\t\t\t\t<div class=\"e-con-inner\">\n\t\t\t\t<div class=\"elementor-element elementor-element-73a2192a elementor-widget elementor-widget-text-editor\" data-id=\"73a2192a\" data-element_type=\"widget\" data-e-type=\"widget\" data-widget_type=\"text-editor.default\">\n\t\t\t\t\t\t\t\t\t\n<p><strong>Aqu\u00ed para acompa\u00f1arte en tu camino.<\/strong><\/p>\n\n<p>Si tienes preguntas sobre Leanful o necesitas orientaci\u00f3n durante tu proceso, nuestro equipo de atenci\u00f3n al cliente est\u00e1 listo para ayudarte. Piensa en nosotros como tus aliados para sentirte bien y alcanzar tus objetivos.<\/p>\n\n<p><strong>Preguntas frecuentes<\/strong><br \/>\u00bfTienes alguna duda?<br \/>Consulta nuestras FAQs para encontrar respuestas r\u00e1pidas en cualquier momento.<\/p>\n\n<p><strong>Soporte por correo electr\u00f3nico<\/strong><br \/>Env\u00edanos un mensaje a <a title=\"\" href=\"mailto:support@leanful.com\"><strong>support@leanful.com<\/strong><\/a> \u2014 nuestro equipo responder\u00e1 lo antes posible.<\/p>\n\n<p><strong>Soporte telef\u00f3nico<\/strong><br \/>Ll\u00e1manos al <strong>+44 (0)20 3837 0744<\/strong><br \/>Disponible las 24 horas, los 7 d\u00edas de la semana, siempre que nos necesites.<\/p>\n\n<p>\u00a0<\/p>\n\t\t\t\t\t\t\t\t<\/div>\n\t\t\t\t\t<\/div>\n\t\t\t\t<\/div>\n\t\t\t\t<\/div>\n\t\t","protected":false},"excerpt":{"rendered":"<p>Aqu\u00ed para acompa\u00f1arte en tu camino. Si tienes preguntas sobre Leanful o necesitas orientaci\u00f3n durante tu proceso, nuestro equipo de atenci\u00f3n al cliente est\u00e1 listo para ayudarte. Piensa en nosotros como tus aliados para sentirte bien y alcanzar tus objetivos. Preguntas frecuentes\u00bfTienes alguna duda?Consulta nuestras FAQs para encontrar respuestas r\u00e1pidas en cualquier momento. Soporte por [&hellip;]<\/p>\n","protected":false},"author":1,"featured_media":0,"parent":0,"menu_order":0,"comment_status":"closed","ping_status":"closed","template":"","meta":{"slim_seo":{"title":"Leanful\u2122 | Cont\u00e1ctanos \u2013 Ponte en contacto","description":"\u00bfTienes preguntas sobre Leanful\u2122? Contacta con nuestro equipo para recibir asistencia, informaci\u00f3n sobre el producto o ayuda con tu pedido. Estamos aqu\u00ed para acompa\u00f1arte en tu camino hacia una p\u00e9rdida de peso limpia y respaldada por la ciencia.","noindex":"1"},"footnotes":""},"class_list":["post-1924","page","type-page","status-publish","hentry"],"_links":{"self":[{"href":"https:\/\/leanful.com\/es\/wp-json\/wp\/v2\/pages\/1924","targetHints":{"allow":["GET"]}}],"collection":[{"href":"https:\/\/leanful.com\/es\/wp-json\/wp\/v2\/pages"}],"about":[{"href":"https:\/\/leanful.com\/es\/wp-json\/wp\/v2\/types\/page"}],"author":[{"embeddable":true,"href":"https:\/\/leanful.com\/es\/wp-json\/wp\/v2\/users\/1"}],"replies":[{"embeddable":true,"href":"https:\/\/leanful.com\/es\/wp-json\/wp\/v2\/comments?post=1924"}],"version-history":[{"count":12,"href":"https:\/\/leanful.com\/es\/wp-json\/wp\/v2\/pages\/1924\/revisions"}],"predecessor-version":[{"id":2807,"href":"https:\/\/leanful.com\/es\/wp-json\/wp\/v2\/pages\/1924\/revisions\/2807"}],"wp:attachment":[{"href":"https:\/\/leanful.com\/es\/wp-json\/wp\/v2\/media?parent=1924"}],"curies":[{"name":"wp","href":"https:\/\/api.w.org\/{rel}","templated":true}]}}