{"id":2489,"date":"2025-09-18T20:58:44","date_gmt":"2025-09-18T20:58:44","guid":{"rendered":"https:\/\/leanful.com\/es\/?page_id=2489"},"modified":"2025-10-07T16:00:05","modified_gmt":"2025-10-07T16:00:05","slug":"sobre-nosotros","status":"publish","type":"page","link":"https:\/\/leanful.com\/es\/sobre-nosotros\/","title":{"rendered":"Sobre nosotros"},"content":{"rendered":"\t\t<div data-elementor-type=\"wp-page\" data-elementor-id=\"2489\" class=\"elementor elementor-2489\" data-elementor-post-type=\"page\">\n\t\t\t\t<div class=\"elementor-element elementor-element-73b5e4d e-flex e-con-boxed e-con e-parent\" data-id=\"73b5e4d\" data-element_type=\"container\" data-e-type=\"container\" data-settings=\"{&quot;background_background&quot;:&quot;classic&quot;}\">\n\t\t\t\t\t<div class=\"e-con-inner\">\n\t\t\t\t<div class=\"elementor-element elementor-element-1ac10ac elementor-widget__width-initial elementor-widget-tablet__width-inherit elementor-widget elementor-widget-heading\" data-id=\"1ac10ac\" data-element_type=\"widget\" data-e-type=\"widget\" data-widget_type=\"heading.default\">\n\t\t\t\t\t<h2 class=\"elementor-heading-title elementor-size-default\">Sobre Leanful\u2122<\/h2>\t\t\t\t<\/div>\n\t\t\t\t\t<\/div>\n\t\t\t\t<\/div>\n\t\t<div class=\"elementor-element elementor-element-28767328 e-flex e-con-boxed e-con e-parent\" data-id=\"28767328\" data-element_type=\"container\" data-e-type=\"container\" data-settings=\"{&quot;background_background&quot;:&quot;classic&quot;}\">\n\t\t\t\t\t<div class=\"e-con-inner\">\n\t\t<div class=\"elementor-element elementor-element-7e0adb41 e-flex e-con-boxed e-con e-child\" data-id=\"7e0adb41\" data-element_type=\"container\" data-e-type=\"container\">\n\t\t\t\t\t<div class=\"e-con-inner\">\n\t\t<div class=\"elementor-element elementor-element-63afa5ea e-con-full animated-fast e-flex elementor-invisible e-con e-child\" data-id=\"63afa5ea\" data-element_type=\"container\" data-e-type=\"container\" data-settings=\"{&quot;animation&quot;:&quot;fadeIn&quot;,&quot;animation_delay&quot;:&quot;500&quot;}\">\n\t\t\t\t<div class=\"elementor-element elementor-element-48284c2b elementor-widget__width-initial elementor-widget-tablet__width-inherit elementor-widget elementor-widget-heading\" data-id=\"48284c2b\" data-element_type=\"widget\" data-e-type=\"widget\" data-widget_type=\"heading.default\">\n\t\t\t\t\t<h1 class=\"elementor-heading-title elementor-size-default\">Nuestra historia<\/h1>\t\t\t\t<\/div>\n\t\t\t\t<div class=\"elementor-element elementor-element-6c811f49 elementor-widget elementor-widget-text-editor\" data-id=\"6c811f49\" data-element_type=\"widget\" data-e-type=\"widget\" data-widget_type=\"text-editor.default\">\n\t\t\t\t\t\t\t\t\t<p>Leanful\u2122 naci\u00f3 de una creencia simple pero poderosa:<\/p><p><strong>que sentirse m\u00e1s ligera \u2014 en el cuerpo y en la vida \u2014 nunca deber\u00eda hacerse a costa de tu salud.<\/strong><\/p><p>Durante demasiado tiempo, el mundo de los suplementos para perder peso ha estado lleno de estimulantes agresivos, promesas vac\u00edas y m\u00e9todos insostenibles.<br \/>Nos propusimos crear algo diferente: un quemagrasas de etiqueta limpia que respete tu ritmo, tu bienestar y tus resultados a largo plazo.<\/p>\t\t\t\t\t\t\t\t<\/div>\n\t\t\t\t<div class=\"elementor-element elementor-element-567ad3f elementor-widget__width-initial elementor-widget-tablet__width-inherit elementor-widget elementor-widget-heading\" data-id=\"567ad3f\" data-element_type=\"widget\" data-e-type=\"widget\" data-widget_type=\"heading.default\">\n\t\t\t\t\t<h1 class=\"elementor-heading-title elementor-size-default\">Nuestra filosof\u00eda<\/h1>\t\t\t\t<\/div>\n\t\t\t\t<div class=\"elementor-element elementor-element-2e1e39c elementor-widget elementor-widget-text-editor\" data-id=\"2e1e39c\" data-element_type=\"widget\" data-e-type=\"widget\" data-widget_type=\"text-editor.default\">\n\t\t\t\t\t\t\t\t\t<p>Creemos que el verdadero progreso no consiste en castigar tu cuerpo, sino en apoyarlo.<\/p><p>Por eso, Leanful\u2122 est\u00e1 dise\u00f1ado para:<\/p><ul><li><p class=\"p1\"><span class=\"s1\"><b>Quemar grasa de forma m\u00e1s inteligente<\/b><\/span>, apoyando el metabolismo y controlando el apetito.<\/p><\/li><li><p class=\"p1\"><span class=\"s1\"><b>Trabajar con tu cuerpo, no contra \u00e9l<\/b><\/span> \u2014 energ\u00eda limpia, sin nerviosismo ni bajones.<\/p><\/li><li><p class=\"p1\"><span class=\"s1\"><b>Encajar f\u00e1cilmente en tu d\u00eda a d\u00eda<\/b><\/span> \u2014 tanto en tu estante del ba\u00f1o como en tu bolsa del gimnasio.<\/p><\/li><li><p class=\"p1\"><span class=\"s1\"><b>Fomentar la constancia<\/b><\/span> para que te sientas en control cada d\u00eda.<\/p><\/li><\/ul>\t\t\t\t\t\t\t\t<\/div>\n\t\t\t\t<\/div>\n\t\t<div class=\"elementor-element elementor-element-007f2f1 e-con-full animated-fast e-flex elementor-invisible e-con e-child\" data-id=\"007f2f1\" data-element_type=\"container\" data-e-type=\"container\" data-settings=\"{&quot;animation&quot;:&quot;fadeIn&quot;,&quot;animation_delay&quot;:&quot;500&quot;}\">\n\t\t\t\t<div class=\"elementor-element elementor-element-7bb3610 elementor-widget elementor-widget-image\" data-id=\"7bb3610\" data-element_type=\"widget\" data-e-type=\"widget\" data-widget_type=\"image.default\">\n\t\t\t\t\t\t\t\t\t\t\t\t\t\t\t<img fetchpriority=\"high\" decoding=\"async\" width=\"483\" height=\"724\" src=\"https:\/\/leanful.com\/es\/wp-content\/uploads\/sites\/7\/2025\/09\/about-us-02.webp\" class=\"attachment-large size-large wp-image-2553\" alt=\"About us 02\" srcset=\"https:\/\/leanful.com\/es\/wp-content\/uploads\/sites\/7\/2025\/09\/about-us-02.webp 483w, https:\/\/leanful.com\/es\/wp-content\/uploads\/sites\/7\/2025\/09\/about-us-02-200x300.webp 200w\" sizes=\"(max-width: 483px) 100vw, 483px\" \/>\t\t\t\t\t\t\t\t\t\t\t\t\t\t\t<\/div>\n\t\t\t\t<\/div>\n\t\t\t\t\t<\/div>\n\t\t\t\t<\/div>\n\t\t\t\t\t<\/div>\n\t\t\t\t<\/div>\n\t\t<div class=\"elementor-element elementor-element-6510b245 e-flex e-con-boxed e-con e-parent\" data-id=\"6510b245\" data-element_type=\"container\" data-e-type=\"container\" data-settings=\"{&quot;background_background&quot;:&quot;classic&quot;}\">\n\t\t\t\t\t<div class=\"e-con-inner\">\n\t\t<div class=\"elementor-element elementor-element-3b136cfb e-flex e-con-boxed e-con e-child\" data-id=\"3b136cfb\" data-element_type=\"container\" data-e-type=\"container\">\n\t\t\t\t\t<div class=\"e-con-inner\">\n\t\t<div class=\"elementor-element elementor-element-41f964da e-con-full animated-fast e-flex elementor-invisible e-con e-child\" data-id=\"41f964da\" data-element_type=\"container\" data-e-type=\"container\" data-settings=\"{&quot;animation&quot;:&quot;fadeIn&quot;,&quot;animation_delay&quot;:&quot;500&quot;}\">\n\t\t\t\t<div class=\"elementor-element elementor-element-353bef2 elementor-widget__width-initial elementor-widget-tablet__width-inherit elementor-widget elementor-widget-heading\" data-id=\"353bef2\" data-element_type=\"widget\" data-e-type=\"widget\" data-widget_type=\"heading.default\">\n\t\t\t\t\t<h1 class=\"elementor-heading-title elementor-size-default\">La ciencia se une al autocuidado<\/h1>\t\t\t\t<\/div>\n\t\t\t\t<div class=\"elementor-element elementor-element-47d7092 elementor-widget elementor-widget-text-editor\" data-id=\"47d7092\" data-element_type=\"widget\" data-e-type=\"widget\" data-widget_type=\"text-editor.default\">\n\t\t\t\t\t\t\t\t\t<p>Cada c\u00e1psula de Leanful\u2122 est\u00e1 respaldada por la ciencia y elaborada con ingredientes cuidadosamente seleccionados \u2014 desde t\u00e9 verde y naranja amarga hasta c\u00farcuma, colina y m\u00e1s.<br \/>Cada uno cumple una funci\u00f3n clave en el metabolismo, la energ\u00eda o el equilibrio del apetito.<br \/>Juntos, crean un enfoque de m\u00faltiples v\u00edas dise\u00f1ado para ofrecer resultados reales sin recurrir a los extremos.<\/p><p>Pero Leanful\u2122 no trata solo de ingredientes, sino de lo que sientes cuando un suplemento funciona contigo: energ\u00eda tranquila, progreso constante y confianza en tu propio ritmo.<\/p>\t\t\t\t\t\t\t\t<\/div>\n\t\t\t\t<\/div>\n\t\t\t\t\t<\/div>\n\t\t\t\t<\/div>\n\t\t\t\t\t<\/div>\n\t\t\t\t<\/div>\n\t\t<div class=\"elementor-element elementor-element-1e46a89 e-flex e-con-boxed e-con e-parent\" data-id=\"1e46a89\" data-element_type=\"container\" data-e-type=\"container\" data-settings=\"{&quot;background_background&quot;:&quot;classic&quot;}\">\n\t\t\t\t\t<div class=\"e-con-inner\">\n\t\t<div class=\"elementor-element elementor-element-2133ce1 e-flex e-con-boxed e-con e-child\" data-id=\"2133ce1\" data-element_type=\"container\" data-e-type=\"container\">\n\t\t\t\t\t<div class=\"e-con-inner\">\n\t\t<div class=\"elementor-element elementor-element-f193659 e-con-full animated-fast e-flex elementor-invisible e-con e-child\" data-id=\"f193659\" data-element_type=\"container\" data-e-type=\"container\" data-settings=\"{&quot;animation&quot;:&quot;fadeIn&quot;,&quot;animation_delay&quot;:&quot;500&quot;}\">\n\t\t\t\t<div class=\"elementor-element elementor-element-7f54e55 elementor-widget__width-initial elementor-widget-tablet__width-inherit elementor-widget elementor-widget-heading\" data-id=\"7f54e55\" data-element_type=\"widget\" data-e-type=\"widget\" data-widget_type=\"heading.default\">\n\t\t\t\t\t<h1 class=\"elementor-heading-title elementor-size-default\">Nuestra promesa<\/h1>\t\t\t\t<\/div>\n\t\t\t\t<div class=\"elementor-element elementor-element-cd560e8 elementor-widget elementor-widget-text-editor\" data-id=\"cd560e8\" data-element_type=\"widget\" data-e-type=\"widget\" data-widget_type=\"text-editor.default\">\n\t\t\t\t\t\t\t\t\t<p>Sabemos que elegir el suplemento adecuado es una decisi\u00f3n personal.<br \/>Por eso, respaldamos Leanful\u2122 con una garant\u00eda de 90 d\u00edas sin riesgo.<br \/>Si no te sientes m\u00e1s ligera, m\u00e1s tranquila y en control, no tienes nada que perder\u2026 salvo el peso que te frena.<\/p><p><strong>Porque en Leanful\u2122, tu confianza vale m\u00e1s que cualquier promesa.<\/strong><\/p>\t\t\t\t\t\t\t\t<\/div>\n\t\t\t\t<\/div>\n\t\t<div class=\"elementor-element elementor-element-b2dfe60 e-con-full animated-fast e-flex elementor-invisible e-con e-child\" data-id=\"b2dfe60\" data-element_type=\"container\" data-e-type=\"container\" data-settings=\"{&quot;animation&quot;:&quot;fadeIn&quot;,&quot;animation_delay&quot;:&quot;500&quot;}\">\n\t\t\t\t<div class=\"elementor-element elementor-element-99782dc elementor-widget__width-initial elementor-widget-tablet__width-inherit elementor-widget elementor-widget-heading\" data-id=\"99782dc\" data-element_type=\"widget\" data-e-type=\"widget\" data-widget_type=\"heading.default\">\n\t\t\t\t\t<h1 class=\"elementor-heading-title elementor-size-default\">Nuestra misi\u00f3n<\/h1>\t\t\t\t<\/div>\n\t\t\t\t<div class=\"elementor-element elementor-element-f2a93bb elementor-widget elementor-widget-text-editor\" data-id=\"f2a93bb\" data-element_type=\"widget\" data-e-type=\"widget\" data-widget_type=\"text-editor.default\">\n\t\t\t\t\t\t\t\t\t<p>Ayudar a las personas a liberarse del ciclo de soluciones r\u00e1pidas y extremos, y entrar en una nueva era de quema de grasa centrada en el bienestar: limpia, equilibrada y sostenible.<\/p>\t\t\t\t\t\t\t\t<\/div>\n\t\t\t\t<\/div>\n\t\t\t\t\t<\/div>\n\t\t\t\t<\/div>\n\t\t\t\t\t<\/div>\n\t\t\t\t<\/div>\n\t\t<div class=\"elementor-element elementor-element-502f5098 e-flex e-con-boxed e-con e-parent\" data-id=\"502f5098\" data-element_type=\"container\" data-e-type=\"container\" data-settings=\"{&quot;background_background&quot;:&quot;classic&quot;}\">\n\t\t\t\t\t<div class=\"e-con-inner\">\n\t\t<div class=\"elementor-element elementor-element-4c77a665 e-con-full animated-fast e-flex elementor-invisible e-con e-child\" data-id=\"4c77a665\" data-element_type=\"container\" data-e-type=\"container\" data-settings=\"{&quot;animation&quot;:&quot;fadeIn&quot;,&quot;animation_delay&quot;:&quot;500&quot;}\">\n\t\t\t\t<div class=\"elementor-element elementor-element-6ef31fcd elementor-widget elementor-widget-heading\" data-id=\"6ef31fcd\" data-element_type=\"widget\" data-e-type=\"widget\" data-widget_type=\"heading.default\">\n\t\t\t\t\t<h1 class=\"elementor-heading-title elementor-size-default\">Estar lean no es solo un aspecto. Es una sensaci\u00f3n.<\/h1>\t\t\t\t<\/div>\n\t\t\t\t<div class=\"elementor-element elementor-element-528d7977 elementor-mobile-align-justify elementor-widget elementor-widget-button\" data-id=\"528d7977\" data-element_type=\"widget\" data-e-type=\"widget\" data-widget_type=\"button.default\">\n\t\t\t\t\t\t\t\t\t\t<a class=\"elementor-button elementor-button-link elementor-size-sm\" href=\"\/#buynow\">\n\t\t\t\t\t\t<span class=\"elementor-button-content-wrapper\">\n\t\t\t\t\t\t\t\t\t<span class=\"elementor-button-text\">Empieza mi prueba de 90 d\u00edas<\/span>\n\t\t\t\t\t<\/span>\n\t\t\t\t\t<\/a>\n\t\t\t\t\t\t\t\t<\/div>\n\t\t\t\t<div class=\"elementor-element elementor-element-48370708 elementor-icon-list--layout-traditional elementor-list-item-link-full_width elementor-widget elementor-widget-icon-list\" data-id=\"48370708\" data-element_type=\"widget\" data-e-type=\"widget\" data-widget_type=\"icon-list.default\">\n\t\t\t\t\t\t\t<ul class=\"elementor-icon-list-items\">\n\t\t\t\t\t\t\t<li class=\"elementor-icon-list-item\">\n\t\t\t\t\t\t\t\t\t\t\t<span class=\"elementor-icon-list-icon\">\n\t\t\t\t\t\t\t<svg aria-hidden=\"true\" class=\"e-font-icon-svg e-fas-shield-alt\" viewBox=\"0 0 512 512\" xmlns=\"http:\/\/www.w3.org\/2000\/svg\"><path d=\"M466.5 83.7l-192-80a48.15 48.15 0 0 0-36.9 0l-192 80C27.7 91.1 16 108.6 16 128c0 198.5 114.5 335.7 221.5 380.3 11.8 4.9 25.1 4.9 36.9 0C360.1 472.6 496 349.3 496 128c0-19.4-11.7-36.9-29.5-44.3zM256.1 446.3l-.1-381 175.9 73.3c-3.3 151.4-82.1 261.1-175.8 307.7z\"><\/path><\/svg>\t\t\t\t\t\t<\/span>\n\t\t\t\t\t\t\t\t\t\t<span class=\"elementor-icon-list-text\">Garant\u00eda de reembolso de 90 d\u00edas<\/span>\n\t\t\t\t\t\t\t\t\t<\/li>\n\t\t\t\t\t\t<\/ul>\n\t\t\t\t\t\t<\/div>\n\t\t\t\t<\/div>\n\t\t\t\t\t<\/div>\n\t\t\t\t<\/div>\n\t\t\t\t<\/div>\n\t\t","protected":false},"excerpt":{"rendered":"<p>Sobre Leanful\u2122 Nuestra historia Leanful\u2122 naci\u00f3 de una creencia simple pero poderosa: que sentirse m\u00e1s ligera \u2014 en el cuerpo y en la vida \u2014 nunca deber\u00eda hacerse a costa de tu salud. Durante demasiado tiempo, el mundo de los suplementos para perder peso ha estado lleno de estimulantes agresivos, promesas vac\u00edas y m\u00e9todos insostenibles.Nos [&hellip;]<\/p>\n","protected":false},"author":1,"featured_media":0,"parent":0,"menu_order":0,"comment_status":"closed","ping_status":"closed","template":"elementor_header_footer","meta":{"slim_seo":{"title":"Leanful\u2122 | Sobre nosotros \u2013 P\u00e9rdida de peso limpia y respaldada por la ciencia","description":"Conoce Leanful\u2122, el suplemento de etiqueta limpia creado para favorecer una p\u00e9rdida de peso saludable, un metabolismo equilibrado y el bienestar diario. Descubre nuestra misi\u00f3n, valores y compromiso para ayudarte a sentirte m\u00e1s ligera y vivir en equilibrio."},"footnotes":""},"class_list":["post-2489","page","type-page","status-publish","hentry"],"_links":{"self":[{"href":"https:\/\/leanful.com\/es\/wp-json\/wp\/v2\/pages\/2489","targetHints":{"allow":["GET"]}}],"collection":[{"href":"https:\/\/leanful.com\/es\/wp-json\/wp\/v2\/pages"}],"about":[{"href":"https:\/\/leanful.com\/es\/wp-json\/wp\/v2\/types\/page"}],"author":[{"embeddable":true,"href":"https:\/\/leanful.com\/es\/wp-json\/wp\/v2\/users\/1"}],"replies":[{"embeddable":true,"href":"https:\/\/leanful.com\/es\/wp-json\/wp\/v2\/comments?post=2489"}],"version-history":[{"count":62,"href":"https:\/\/leanful.com\/es\/wp-json\/wp\/v2\/pages\/2489\/revisions"}],"predecessor-version":[{"id":2713,"href":"https:\/\/leanful.com\/es\/wp-json\/wp\/v2\/pages\/2489\/revisions\/2713"}],"wp:attachment":[{"href":"https:\/\/leanful.com\/es\/wp-json\/wp\/v2\/media?parent=2489"}],"curies":[{"name":"wp","href":"https:\/\/api.w.org\/{rel}","templated":true}]}}