{"id":1924,"date":"2025-09-04T16:42:34","date_gmt":"2025-09-04T16:42:34","guid":{"rendered":"https:\/\/leanful.com\/fr\/?page_id=1924"},"modified":"2025-12-08T14:52:47","modified_gmt":"2025-12-08T14:52:47","slug":"contactez-nous","status":"publish","type":"page","link":"https:\/\/leanful.com\/fr\/contactez-nous\/","title":{"rendered":"Contactez-nous"},"content":{"rendered":"\t\t<div data-elementor-type=\"wp-page\" data-elementor-id=\"1924\" class=\"elementor elementor-1924\" data-elementor-post-type=\"page\">\n\t\t\t\t<div class=\"elementor-element elementor-element-3dcd5a57 e-flex e-con-boxed e-con e-parent\" data-id=\"3dcd5a57\" data-element_type=\"container\" data-e-type=\"container\">\n\t\t\t\t\t<div class=\"e-con-inner\">\n\t\t\t\t<div class=\"elementor-element elementor-element-b1e04bd elementor-widget elementor-widget-text-editor\" data-id=\"b1e04bd\" data-element_type=\"widget\" data-e-type=\"widget\" data-widget_type=\"text-editor.default\">\n\t\t\t\t\t\t\t\t\t\n<p><strong>Ici pour vous accompagner dans votre parcours.<\/strong><\/p>\n\n<p>Si vous avez des questions sur Leanful ou besoin de conseils en chemin, notre \u00e9quipe d\u2019assistance est l\u00e0 pour vous aider. Consid\u00e9rez-nous comme vos partenaires pour vous sentir bien et atteindre vos objectifs.<\/p>\n\n<p><strong>FAQ<\/strong><br \/>Une question ?<br \/>Parcourez notre FAQ pour trouver des r\u00e9ponses rapides \u00e0 tout moment.<\/p>\n\n<p><strong>Support par e-mail<\/strong><br \/>Envoyez-nous un message \u00e0 <a title=\"\" href=\"mailto:support@leanful.com\"><strong>support@leanful.com<\/strong><\/a> \u2014 notre \u00e9quipe vous r\u00e9pondra dans les plus brefs d\u00e9lais.<\/p>\n\n<p><strong>Support t\u00e9l\u00e9phonique<\/strong><br \/>Appelez-nous au <strong>+44 (0)20 3837 0744<\/strong><br \/>Disponible 24h\/24 et 7j\/7, quand vous en avez besoin.<\/p>\n\n<p>\u00a0<\/p>\n\t\t\t\t\t\t\t\t<\/div>\n\t\t\t\t\t<\/div>\n\t\t\t\t<\/div>\n\t\t\t\t<\/div>\n\t\t","protected":false},"excerpt":{"rendered":"<p>Ici pour vous accompagner dans votre parcours. Si vous avez des questions sur Leanful ou besoin de conseils en chemin, notre \u00e9quipe d\u2019assistance est l\u00e0 pour vous aider. Consid\u00e9rez-nous comme vos partenaires pour vous sentir bien et atteindre vos objectifs. FAQUne question ?Parcourez notre FAQ pour trouver des r\u00e9ponses rapides \u00e0 tout moment. Support par [&hellip;]<\/p>\n","protected":false},"author":1,"featured_media":0,"parent":0,"menu_order":0,"comment_status":"closed","ping_status":"closed","template":"","meta":{"slim_seo":{"title":"Leanful\u2122 | Contactez-nous \u2013 Entrer en relation","description":"Vous avez des questions sur Leanful\u2122 ? Contactez notre \u00e9quipe pour obtenir de l\u2019aide, des informations sur les produits ou des demandes concernant vos commandes. Nous sommes l\u00e0 pour vous accompagner dans votre parcours avec un soutien propre et scientifiquement valid\u00e9 pour la perte de poids.","noindex":"1"},"footnotes":""},"class_list":["post-1924","page","type-page","status-publish","hentry"],"_links":{"self":[{"href":"https:\/\/leanful.com\/fr\/wp-json\/wp\/v2\/pages\/1924","targetHints":{"allow":["GET"]}}],"collection":[{"href":"https:\/\/leanful.com\/fr\/wp-json\/wp\/v2\/pages"}],"about":[{"href":"https:\/\/leanful.com\/fr\/wp-json\/wp\/v2\/types\/page"}],"author":[{"embeddable":true,"href":"https:\/\/leanful.com\/fr\/wp-json\/wp\/v2\/users\/1"}],"replies":[{"embeddable":true,"href":"https:\/\/leanful.com\/fr\/wp-json\/wp\/v2\/comments?post=1924"}],"version-history":[{"count":15,"href":"https:\/\/leanful.com\/fr\/wp-json\/wp\/v2\/pages\/1924\/revisions"}],"predecessor-version":[{"id":2927,"href":"https:\/\/leanful.com\/fr\/wp-json\/wp\/v2\/pages\/1924\/revisions\/2927"}],"wp:attachment":[{"href":"https:\/\/leanful.com\/fr\/wp-json\/wp\/v2\/media?parent=1924"}],"curies":[{"name":"wp","href":"https:\/\/api.w.org\/{rel}","templated":true}]}}