{"id":2489,"date":"2025-09-18T20:58:44","date_gmt":"2025-09-18T20:58:44","guid":{"rendered":"https:\/\/leanful.com\/fr\/?page_id=2489"},"modified":"2025-10-02T11:17:11","modified_gmt":"2025-10-02T11:17:11","slug":"a-propos","status":"publish","type":"page","link":"https:\/\/leanful.com\/fr\/a-propos\/","title":{"rendered":"A propos"},"content":{"rendered":"\t\t<div data-elementor-type=\"wp-page\" data-elementor-id=\"2489\" class=\"elementor elementor-2489\" data-elementor-post-type=\"page\">\n\t\t\t\t<div class=\"elementor-element elementor-element-73b5e4d e-flex e-con-boxed e-con e-parent\" data-id=\"73b5e4d\" data-element_type=\"container\" data-e-type=\"container\" data-settings=\"{&quot;background_background&quot;:&quot;classic&quot;}\">\n\t\t\t\t\t<div class=\"e-con-inner\">\n\t\t\t\t<div class=\"elementor-element elementor-element-1ac10ac elementor-widget__width-initial elementor-widget-tablet__width-inherit elementor-widget elementor-widget-heading\" data-id=\"1ac10ac\" data-element_type=\"widget\" data-e-type=\"widget\" data-widget_type=\"heading.default\">\n\t\t\t\t\t<h2 class=\"elementor-heading-title elementor-size-default\">\u00c0 propos de Leanful\u2122<\/h2>\t\t\t\t<\/div>\n\t\t\t\t\t<\/div>\n\t\t\t\t<\/div>\n\t\t<div class=\"elementor-element elementor-element-28767328 e-flex e-con-boxed e-con e-parent\" data-id=\"28767328\" data-element_type=\"container\" data-e-type=\"container\" data-settings=\"{&quot;background_background&quot;:&quot;classic&quot;}\">\n\t\t\t\t\t<div class=\"e-con-inner\">\n\t\t<div class=\"elementor-element elementor-element-7e0adb41 e-flex e-con-boxed e-con e-child\" data-id=\"7e0adb41\" data-element_type=\"container\" data-e-type=\"container\">\n\t\t\t\t\t<div class=\"e-con-inner\">\n\t\t<div class=\"elementor-element elementor-element-63afa5ea e-con-full animated-fast e-flex elementor-invisible e-con e-child\" data-id=\"63afa5ea\" data-element_type=\"container\" data-e-type=\"container\" data-settings=\"{&quot;animation&quot;:&quot;fadeIn&quot;,&quot;animation_delay&quot;:&quot;500&quot;}\">\n\t\t\t\t<div class=\"elementor-element elementor-element-48284c2b elementor-widget__width-initial elementor-widget-tablet__width-inherit elementor-widget elementor-widget-heading\" data-id=\"48284c2b\" data-element_type=\"widget\" data-e-type=\"widget\" data-widget_type=\"heading.default\">\n\t\t\t\t\t<h1 class=\"elementor-heading-title elementor-size-default\">Notre histoire<\/h1>\t\t\t\t<\/div>\n\t\t\t\t<div class=\"elementor-element elementor-element-6c811f49 elementor-widget elementor-widget-text-editor\" data-id=\"6c811f49\" data-element_type=\"widget\" data-e-type=\"widget\" data-widget_type=\"text-editor.default\">\n\t\t\t\t\t\t\t\t\t<p>Leanful\u2122 est n\u00e9 d\u2019une conviction simple mais puissante :<\/p><p><strong>se sentir plus l\u00e9ger \u2014 dans son corps comme dans sa vie \u2014 ne devrait jamais se faire au d\u00e9triment de sa sant\u00e9.<\/strong><\/p><p>Pendant trop longtemps, le monde des compl\u00e9ments minceur a \u00e9t\u00e9 envahi par des stimulants agressifs, des promesses intenables et des m\u00e9thodes impossibles \u00e0 suivre sur la dur\u00e9e. Nous avons voulu cr\u00e9er autre chose : un br\u00fbleur de graisses \u00e0 l\u2019\u00e9tiquette claire, pens\u00e9 pour accompagner votre rythme, votre bien-\u00eatre et vos r\u00e9sultats sur le long terme.<\/p>\t\t\t\t\t\t\t\t<\/div>\n\t\t\t\t<div class=\"elementor-element elementor-element-567ad3f elementor-widget__width-initial elementor-widget-tablet__width-inherit elementor-widget elementor-widget-heading\" data-id=\"567ad3f\" data-element_type=\"widget\" data-e-type=\"widget\" data-widget_type=\"heading.default\">\n\t\t\t\t\t<h1 class=\"elementor-heading-title elementor-size-default\">Notre philosophie<\/h1>\t\t\t\t<\/div>\n\t\t\t\t<div class=\"elementor-element elementor-element-2e1e39c elementor-widget elementor-widget-text-editor\" data-id=\"2e1e39c\" data-element_type=\"widget\" data-e-type=\"widget\" data-widget_type=\"text-editor.default\">\n\t\t\t\t\t\t\t\t\t<p>Nous pensons que le vrai progr\u00e8s ne consiste pas \u00e0 punir son corps, mais \u00e0 le soutenir.<\/p><p>C\u2019est pourquoi Leanful\u2122 a \u00e9t\u00e9 con\u00e7u pour :<\/p><ul><li><p class=\"p1\"><span class=\"s1\"><b>Br\u00fbler les graisses plus intelligemment<\/b><\/span> gr\u00e2ce au soutien du m\u00e9tabolisme et du contr\u00f4le de l\u2019app\u00e9tit.<\/p><\/li><li><p class=\"p1\"><span class=\"s1\"><b>Travailler avec votre corps, et non contre lui<\/b><\/span> \u2014 une \u00e9nergie propre, sans nervosit\u00e9 ni coup de fatigue.<\/p><\/li><li><p class=\"p1\"><span class=\"s1\"><b>S\u2019int\u00e9grer naturellement dans votre quotidien<\/b><\/span> \u2014 que ce soit sur l\u2019\u00e9tag\u00e8re de votre salle de bain ou dans votre sac de sport.<\/p><\/li><li><p class=\"p1\"><span class=\"s1\"><b>Favoriser la r\u00e9gularit\u00e9<\/b><\/span> afin que vous vous sentiez ma\u00eetre de vos journ\u00e9es, chaque jour.<\/p><\/li><\/ul>\t\t\t\t\t\t\t\t<\/div>\n\t\t\t\t<\/div>\n\t\t<div class=\"elementor-element elementor-element-007f2f1 e-con-full animated-fast e-flex elementor-invisible e-con e-child\" data-id=\"007f2f1\" data-element_type=\"container\" data-e-type=\"container\" data-settings=\"{&quot;animation&quot;:&quot;fadeIn&quot;,&quot;animation_delay&quot;:&quot;500&quot;}\">\n\t\t\t\t<div class=\"elementor-element elementor-element-7bb3610 elementor-widget elementor-widget-image\" data-id=\"7bb3610\" data-element_type=\"widget\" data-e-type=\"widget\" data-widget_type=\"image.default\">\n\t\t\t\t\t\t\t\t\t\t\t\t\t\t\t<img fetchpriority=\"high\" decoding=\"async\" width=\"483\" height=\"724\" src=\"https:\/\/leanful.com\/fr\/wp-content\/uploads\/sites\/3\/2025\/09\/about-us-02.webp\" class=\"attachment-large size-large wp-image-2553\" alt=\"About us 02\" srcset=\"https:\/\/leanful.com\/fr\/wp-content\/uploads\/sites\/3\/2025\/09\/about-us-02.webp 483w, https:\/\/leanful.com\/fr\/wp-content\/uploads\/sites\/3\/2025\/09\/about-us-02-200x300.webp 200w\" sizes=\"(max-width: 483px) 100vw, 483px\" \/>\t\t\t\t\t\t\t\t\t\t\t\t\t\t\t<\/div>\n\t\t\t\t<\/div>\n\t\t\t\t\t<\/div>\n\t\t\t\t<\/div>\n\t\t\t\t\t<\/div>\n\t\t\t\t<\/div>\n\t\t<div class=\"elementor-element elementor-element-6510b245 e-flex e-con-boxed e-con e-parent\" data-id=\"6510b245\" data-element_type=\"container\" data-e-type=\"container\" data-settings=\"{&quot;background_background&quot;:&quot;classic&quot;}\">\n\t\t\t\t\t<div class=\"e-con-inner\">\n\t\t<div class=\"elementor-element elementor-element-3b136cfb e-flex e-con-boxed e-con e-child\" data-id=\"3b136cfb\" data-element_type=\"container\" data-e-type=\"container\">\n\t\t\t\t\t<div class=\"e-con-inner\">\n\t\t<div class=\"elementor-element elementor-element-41f964da e-con-full animated-fast e-flex elementor-invisible e-con e-child\" data-id=\"41f964da\" data-element_type=\"container\" data-e-type=\"container\" data-settings=\"{&quot;animation&quot;:&quot;fadeIn&quot;,&quot;animation_delay&quot;:&quot;500&quot;}\">\n\t\t\t\t<div class=\"elementor-element elementor-element-353bef2 elementor-widget__width-initial elementor-widget-tablet__width-inherit elementor-widget elementor-widget-heading\" data-id=\"353bef2\" data-element_type=\"widget\" data-e-type=\"widget\" data-widget_type=\"heading.default\">\n\t\t\t\t\t<h1 class=\"elementor-heading-title elementor-size-default\">La science au service du bien-\u00eatre<\/h1>\t\t\t\t<\/div>\n\t\t\t\t<div class=\"elementor-element elementor-element-47d7092 elementor-widget elementor-widget-text-editor\" data-id=\"47d7092\" data-element_type=\"widget\" data-e-type=\"widget\" data-widget_type=\"text-editor.default\">\n\t\t\t\t\t\t\t\t\t<p>Chaque g\u00e9lule de Leanful\u2122 repose sur la science et contient des ingr\u00e9dients soigneusement s\u00e9lectionn\u00e9s \u2014 du th\u00e9 vert et de l\u2019orange am\u00e8re au curcuma, \u00e0 la choline, et bien plus encore. Chacun joue un r\u00f4le dans le m\u00e9tabolisme, l\u2019\u00e9nergie ou l\u2019\u00e9quilibre de l\u2019app\u00e9tit. Ensemble, ils forment une approche multi-voies con\u00e7ue pour vous aider \u00e0 obtenir des r\u00e9sultats sans exc\u00e8s.<\/p><p>Mais Leanful\u2122 ne se r\u00e9sume pas \u00e0 une liste d\u2019ingr\u00e9dients. C\u2019est surtout le ressenti lorsque votre compl\u00e9ment agit avec vous : une \u00e9nergie calme, des progr\u00e8s r\u00e9guliers et la confiance de suivre votre propre rythme.<\/p>\t\t\t\t\t\t\t\t<\/div>\n\t\t\t\t<\/div>\n\t\t\t\t\t<\/div>\n\t\t\t\t<\/div>\n\t\t\t\t\t<\/div>\n\t\t\t\t<\/div>\n\t\t<div class=\"elementor-element elementor-element-1e46a89 e-flex e-con-boxed e-con e-parent\" data-id=\"1e46a89\" data-element_type=\"container\" data-e-type=\"container\" data-settings=\"{&quot;background_background&quot;:&quot;classic&quot;}\">\n\t\t\t\t\t<div class=\"e-con-inner\">\n\t\t<div class=\"elementor-element elementor-element-2133ce1 e-flex e-con-boxed e-con e-child\" data-id=\"2133ce1\" data-element_type=\"container\" data-e-type=\"container\">\n\t\t\t\t\t<div class=\"e-con-inner\">\n\t\t<div class=\"elementor-element elementor-element-f193659 e-con-full animated-fast e-flex elementor-invisible e-con e-child\" data-id=\"f193659\" data-element_type=\"container\" data-e-type=\"container\" data-settings=\"{&quot;animation&quot;:&quot;fadeIn&quot;,&quot;animation_delay&quot;:&quot;500&quot;}\">\n\t\t\t\t<div class=\"elementor-element elementor-element-7f54e55 elementor-widget__width-initial elementor-widget-tablet__width-inherit elementor-widget elementor-widget-heading\" data-id=\"7f54e55\" data-element_type=\"widget\" data-e-type=\"widget\" data-widget_type=\"heading.default\">\n\t\t\t\t\t<h1 class=\"elementor-heading-title elementor-size-default\">Notre promesse<\/h1>\t\t\t\t<\/div>\n\t\t\t\t<div class=\"elementor-element elementor-element-cd560e8 elementor-widget elementor-widget-text-editor\" data-id=\"cd560e8\" data-element_type=\"widget\" data-e-type=\"widget\" data-widget_type=\"text-editor.default\">\n\t\t\t\t\t\t\t\t\t<p>Nous savons que choisir le bon compl\u00e9ment est une d\u00e9cision personnelle. C\u2019est pourquoi nous garantissons Leanful\u2122 avec une garantie de 90 jours sans risque. Si vous ne vous sentez pas plus l\u00e9ger, plus serein et plus ma\u00eetre de vous-m\u00eame, vous n\u2019avez rien \u00e0 perdre \u2014 sauf le poids qui vous freine.<\/p><p>Car chez Leanful\u2122, <strong>votre confiance compte plus que les promesses creuses.<\/strong><\/p>\t\t\t\t\t\t\t\t<\/div>\n\t\t\t\t<\/div>\n\t\t<div class=\"elementor-element elementor-element-b2dfe60 e-con-full animated-fast e-flex elementor-invisible e-con e-child\" data-id=\"b2dfe60\" data-element_type=\"container\" data-e-type=\"container\" data-settings=\"{&quot;animation&quot;:&quot;fadeIn&quot;,&quot;animation_delay&quot;:&quot;500&quot;}\">\n\t\t\t\t<div class=\"elementor-element elementor-element-99782dc elementor-widget__width-initial elementor-widget-tablet__width-inherit elementor-widget elementor-widget-heading\" data-id=\"99782dc\" data-element_type=\"widget\" data-e-type=\"widget\" data-widget_type=\"heading.default\">\n\t\t\t\t\t<h1 class=\"elementor-heading-title elementor-size-default\">Notre mission<\/h1>\t\t\t\t<\/div>\n\t\t\t\t<div class=\"elementor-element elementor-element-f2a93bb elementor-widget elementor-widget-text-editor\" data-id=\"f2a93bb\" data-element_type=\"widget\" data-e-type=\"widget\" data-widget_type=\"text-editor.default\">\n\t\t\t\t\t\t\t\t\tAider chacun \u00e0 sortir du cercle vicieux des solutions rapides et extr\u00eames \u2014 et entrer dans une nouvelle \u00e8re de br\u00fblage des graisses centr\u00e9 sur le bien-\u00eatre : propre, \u00e9quilibr\u00e9 et durable.\t\t\t\t\t\t\t\t<\/div>\n\t\t\t\t<\/div>\n\t\t\t\t\t<\/div>\n\t\t\t\t<\/div>\n\t\t\t\t\t<\/div>\n\t\t\t\t<\/div>\n\t\t<div class=\"elementor-element elementor-element-502f5098 e-flex e-con-boxed e-con e-parent\" data-id=\"502f5098\" data-element_type=\"container\" data-e-type=\"container\" data-settings=\"{&quot;background_background&quot;:&quot;classic&quot;}\">\n\t\t\t\t\t<div class=\"e-con-inner\">\n\t\t<div class=\"elementor-element elementor-element-4c77a665 e-con-full animated-fast e-flex elementor-invisible e-con e-child\" data-id=\"4c77a665\" data-element_type=\"container\" data-e-type=\"container\" data-settings=\"{&quot;animation&quot;:&quot;fadeIn&quot;,&quot;animation_delay&quot;:&quot;500&quot;}\">\n\t\t\t\t<div class=\"elementor-element elementor-element-6ef31fcd elementor-widget elementor-widget-heading\" data-id=\"6ef31fcd\" data-element_type=\"widget\" data-e-type=\"widget\" data-widget_type=\"heading.default\">\n\t\t\t\t\t<h1 class=\"elementor-heading-title elementor-size-default\">\u00catre lean, ce n\u2019est pas qu\u2019une apparence. C\u2019est un \u00e9tat d\u2019esprit.<\/h1>\t\t\t\t<\/div>\n\t\t\t\t<div class=\"elementor-element elementor-element-528d7977 elementor-mobile-align-justify elementor-widget elementor-widget-button\" data-id=\"528d7977\" data-element_type=\"widget\" data-e-type=\"widget\" data-widget_type=\"button.default\">\n\t\t\t\t\t\t\t\t\t\t<a class=\"elementor-button elementor-button-link elementor-size-sm\" href=\"\/#buynow\">\n\t\t\t\t\t\t<span class=\"elementor-button-content-wrapper\">\n\t\t\t\t\t\t\t\t\t<span class=\"elementor-button-text\">Commencer mon essai de 90 jours<\/span>\n\t\t\t\t\t<\/span>\n\t\t\t\t\t<\/a>\n\t\t\t\t\t\t\t\t<\/div>\n\t\t\t\t<div class=\"elementor-element elementor-element-48370708 elementor-icon-list--layout-traditional elementor-list-item-link-full_width elementor-widget elementor-widget-icon-list\" data-id=\"48370708\" data-element_type=\"widget\" data-e-type=\"widget\" data-widget_type=\"icon-list.default\">\n\t\t\t\t\t\t\t<ul class=\"elementor-icon-list-items\">\n\t\t\t\t\t\t\t<li class=\"elementor-icon-list-item\">\n\t\t\t\t\t\t\t\t\t\t\t<span class=\"elementor-icon-list-icon\">\n\t\t\t\t\t\t\t<svg aria-hidden=\"true\" class=\"e-font-icon-svg e-fas-shield-alt\" viewBox=\"0 0 512 512\" xmlns=\"http:\/\/www.w3.org\/2000\/svg\"><path d=\"M466.5 83.7l-192-80a48.15 48.15 0 0 0-36.9 0l-192 80C27.7 91.1 16 108.6 16 128c0 198.5 114.5 335.7 221.5 380.3 11.8 4.9 25.1 4.9 36.9 0C360.1 472.6 496 349.3 496 128c0-19.4-11.7-36.9-29.5-44.3zM256.1 446.3l-.1-381 175.9 73.3c-3.3 151.4-82.1 261.1-175.8 307.7z\"><\/path><\/svg>\t\t\t\t\t\t<\/span>\n\t\t\t\t\t\t\t\t\t\t<span class=\"elementor-icon-list-text\">Garantie satisfait ou rembours\u00e9 sous 90 jours<\/span>\n\t\t\t\t\t\t\t\t\t<\/li>\n\t\t\t\t\t\t<\/ul>\n\t\t\t\t\t\t<\/div>\n\t\t\t\t<\/div>\n\t\t\t\t\t<\/div>\n\t\t\t\t<\/div>\n\t\t\t\t<\/div>\n\t\t","protected":false},"excerpt":{"rendered":"<p>\u00c0 propos de Leanful\u2122 Notre histoire Leanful\u2122 est n\u00e9 d\u2019une conviction simple mais puissante : se sentir plus l\u00e9ger \u2014 dans son corps comme dans sa vie \u2014 ne devrait jamais se faire au d\u00e9triment de sa sant\u00e9. Pendant trop longtemps, le monde des compl\u00e9ments minceur a \u00e9t\u00e9 envahi par des stimulants agressifs, des promesses [&hellip;]<\/p>\n","protected":false},"author":1,"featured_media":0,"parent":0,"menu_order":0,"comment_status":"closed","ping_status":"closed","template":"elementor_header_footer","meta":{"slim_seo":{"title":"Leanful\u2122 | \u00c0 propos de nous","description":"En savoir plus sur Leanful\u2122, le compl\u00e9ment clean-label con\u00e7u pour soutenir une perte de poids saine, un m\u00e9tabolisme \u00e9quilibr\u00e9 et un bien-\u00eatre quotidien. D\u00e9couvrez notre mission, nos valeurs et notre engagement \u00e0 aider les femmes et les hommes soucieux de leur sant\u00e9 \u00e0 se sentir plus l\u00e9gers et \u00e0 vivre en harmonie."},"footnotes":""},"class_list":["post-2489","page","type-page","status-publish","hentry"],"_links":{"self":[{"href":"https:\/\/leanful.com\/fr\/wp-json\/wp\/v2\/pages\/2489","targetHints":{"allow":["GET"]}}],"collection":[{"href":"https:\/\/leanful.com\/fr\/wp-json\/wp\/v2\/pages"}],"about":[{"href":"https:\/\/leanful.com\/fr\/wp-json\/wp\/v2\/types\/page"}],"author":[{"embeddable":true,"href":"https:\/\/leanful.com\/fr\/wp-json\/wp\/v2\/users\/1"}],"replies":[{"embeddable":true,"href":"https:\/\/leanful.com\/fr\/wp-json\/wp\/v2\/comments?post=2489"}],"version-history":[{"count":67,"href":"https:\/\/leanful.com\/fr\/wp-json\/wp\/v2\/pages\/2489\/revisions"}],"predecessor-version":[{"id":2638,"href":"https:\/\/leanful.com\/fr\/wp-json\/wp\/v2\/pages\/2489\/revisions\/2638"}],"wp:attachment":[{"href":"https:\/\/leanful.com\/fr\/wp-json\/wp\/v2\/media?parent=2489"}],"curies":[{"name":"wp","href":"https:\/\/api.w.org\/{rel}","templated":true}]}}