{"id":3,"date":"2025-07-04T14:12:39","date_gmt":"2025-07-04T14:12:39","guid":{"rendered":"https:\/\/leanful.com\/fr\/?page_id=3"},"modified":"2025-10-15T14:36:23","modified_gmt":"2025-10-15T13:36:23","slug":"politique-de-confidentialite","status":"publish","type":"page","link":"https:\/\/leanful.com\/fr\/politique-de-confidentialite\/","title":{"rendered":"Politique de confidentialit\u00e9"},"content":{"rendered":"\n<p>Leanful s\u2019engage \u00e0 prot\u00e9ger votre vie priv\u00e9e et \u00e0 s\u00e9curiser vos informations personnelles \u00e0 chaque \u00e9tape. La pr\u00e9sente d\u00e9claration de confidentialit\u00e9 explique comment nous collectons, utilisons et prot\u00e9geons vos donn\u00e9es, r\u00e9affirmant ainsi notre engagement \u00e0 instaurer une relation de confiance et positive avec nos clients. <\/p>\n\n\n\n<p>Cette politique s\u2019applique sp\u00e9cifiquement aux informations personnelles que vous fournissez sur notre site web. Nous vous encourageons \u00e0 la lire attentivement afin de comprendre comment vos donn\u00e9es sont trait\u00e9es.<\/p>\n\n\n\n<hr class=\"wp-block-separator has-alpha-channel-opacity\"\/>\n\n\n\n<h3 class=\"wp-block-heading\"><strong>1. Informations personnelles<\/strong><\/h3>\n\n\n\n<p>Vous n\u2019\u00eates pas tenu(e) de fournir des informations personnelles pour naviguer sur notre site, mais certaines actions \u2014 comme passer une commande ou cr\u00e9er un compte \u2014 les n\u00e9cessitent.<\/p>\n\n\n\n<p>Les types d\u2019informations que nous pouvons collecter incluent :<\/p>\n\n\n\n<ul class=\"wp-block-list\">\n<li>Nom<\/li>\n\n\n\n<li>Adresse<\/li>\n\n\n\n<li>Num\u00e9ro de t\u00e9l\u00e9phone<\/li>\n\n\n\n<li>Adresse e-mail<\/li>\n\n\n\n<li>Informations de carte de d\u00e9bit\/cr\u00e9dit<\/li>\n<\/ul>\n\n\n\n<p><\/p>\n\n\n\n<p>Nous ne conservons pas les donn\u00e9es de cartes de d\u00e9bit ou de cr\u00e9dit. Les paiements sont trait\u00e9s de mani\u00e8re s\u00e9curis\u00e9e par des prestataires tiers de confiance afin de garantir une exp\u00e9rience s\u00fbre et fluide.<\/p>\n\n\n\n<p>Nos syst\u00e8mes peuvent \u00e9galement collecter automatiquement des donn\u00e9es de navigation, y compris les adresses IP, afin d\u2019am\u00e9liorer votre exp\u00e9rience sur notre site. Ces donn\u00e9es ne sont jamais utilis\u00e9es de mani\u00e8re abusive et sont prot\u00e9g\u00e9es selon les normes les plus strictes.<\/p>\n\n\n\n<hr class=\"wp-block-separator has-alpha-channel-opacity\"\/>\n\n\n\n<h3 class=\"wp-block-heading\">2. <strong>Utilisation des donn\u00e9es personnelles<\/strong><\/h3>\n\n\n\n<p>Vos informations personnelles sont utilis\u00e9es exclusivement \u00e0 des fins commerciales, administratives et l\u00e9gales. Les principales utilisations incluent :<\/p>\n\n\n\n<ul class=\"wp-block-list\">\n<li>Traitement des commandes et des services demand\u00e9s via notre site web<\/li>\n\n\n\n<li>V\u00e9rification de l\u2019identit\u00e9 et des informations de paiement<\/li>\n\n\n\n<li>Am\u00e9lioration de votre exp\u00e9rience sur le site<\/li>\n\n\n\n<li>Respect des obligations l\u00e9gales et r\u00e9glementaires<\/li>\n\n\n\n<li>Surveillance des activit\u00e9s afin de pr\u00e9venir la fraude, les incidents de cybers\u00e9curit\u00e9 ou d\u2019autres risques<\/li>\n\n\n\n<li>Partage d\u2019informations sur nos offres, lancements de produits et activit\u00e9s commerciales<\/li>\n\n\n\n<li>Gestion des r\u00e9clamations et des communications<\/li>\n\n\n\n<li>Personnalisation de l\u2019exp\u00e9rience utilisateur sur le site<\/li>\n\n\n\n<li>Analyse des tendances pour am\u00e9liorer nos services<\/li>\n<\/ul>\n\n\n\n<p><\/p>\n\n\n\n<p>Dans certains cas, nous pouvons partager vos informations avec des prestataires de services tiers de confiance, tels que des h\u00e9bergeurs web, transporteurs, \u00e9tablissements bancaires, \u00e9quipes marketing et centres d\u2019appels. Ces partenaires sont contractuellement tenus de prot\u00e9ger vos donn\u00e9es et de respecter les exigences du RGPD.<\/p>\n\n\n\n<p>Les informations personnelles ne sont conserv\u00e9es que le temps n\u00e9cessaire, apr\u00e8s quoi elles sont supprim\u00e9es de mani\u00e8re s\u00e9curis\u00e9e. Les donn\u00e9es utilis\u00e9es \u00e0 des fins marketing peuvent \u00eatre supprim\u00e9es \u00e0 votre demande. \u00c0 des fins de pr\u00e9vention de la fraude, vos donn\u00e9es peuvent \u00eatre partag\u00e9es avec des organismes autoris\u00e9s. Pour toute pr\u00e9cision, contactez-nous \u00e0 <strong>support@leanful.com<\/strong>.<\/p>\n\n\n\n<hr class=\"wp-block-separator has-alpha-channel-opacity\"\/>\n\n\n\n<h3 class=\"wp-block-heading\"><strong>3. <strong>Transfert de donn\u00e9es personnelles<\/strong><\/strong><\/h3>\n\n\n\n<p><br>Nous collaborons avec des partenaires situ\u00e9s dans plusieurs r\u00e9gions. Lors du partage de vos informations personnelles, nous veillons \u00e0 ce que tous nos partenaires respectent les normes de confidentialit\u00e9, y compris le <strong>EU-US Privacy Shield<\/strong>.<\/p>\n\n\n\n<hr class=\"wp-block-separator has-alpha-channel-opacity\"\/>\n\n\n\n<h3 class=\"wp-block-heading\"><strong><strong>4. Mises \u00e0 jour marketing<\/strong><\/strong><\/h3>\n\n\n\n<p>Nous pouvons vous contacter par e-mail, SMS ou t\u00e9l\u00e9phone afin de vous tenir inform\u00e9(e) de notre marque et de nos produits. Vous pouvez vous d\u00e9sinscrire de ces communications \u00e0 tout moment.<\/p>\n\n\n\n<hr class=\"wp-block-separator has-alpha-channel-opacity\"\/>\n\n\n\n<h3 class=\"wp-block-heading\"><strong><br><strong>5. Cookies &amp; Analytique<\/strong><\/strong><\/h3>\n\n\n\n<p>Les cookies sont de petits fichiers enregistr\u00e9s sur votre appareil afin d\u2019am\u00e9liorer votre exp\u00e9rience. Les types que nous utilisons incluent :<\/p>\n\n\n\n<ul class=\"wp-block-list\">\n<li><strong>Cookies strictement n\u00e9cessaires<\/strong> : indispensables au fonctionnement de base du site, comme le panier d\u2019achat ou la connexion.<\/li>\n\n\n\n<li><strong>Cookies de performance<\/strong> : suivent l\u2019utilisation du site pour en am\u00e9liorer les performances (par ex. Google Analytics).<\/li>\n\n\n\n<li><strong>Cookies de fonctionnalit\u00e9<\/strong> : m\u00e9morisent vos pr\u00e9f\u00e9rences, comme la langue ou le choix des produits.<\/li>\n\n\n\n<li><strong>Cookies publicitaires<\/strong> : diffusent des annonces cibl\u00e9es via des tiers.<\/li>\n\n\n\n<li><strong>Cookies de r\u00e9seaux sociaux<\/strong> : permettent le partage sur les plateformes sociales.<\/li>\n<\/ul>\n\n\n\n<p><\/p>\n\n\n\n<p>Vous pouvez g\u00e9rer ou supprimer les cookies via votre navigateur, mais certaines fonctionnalit\u00e9s pourraient \u00eatre affect\u00e9es.<\/p>\n\n\n\n<h4 class=\"wp-block-heading\"><strong><strong>5.1 Balises web<\/strong><\/strong><\/h4>\n\n\n\n<p>Les balises web suivent les visites et le comportement de navigation. Des prestataires tiers peuvent les utiliser, mais votre identit\u00e9 personnelle reste prot\u00e9g\u00e9e.<\/p>\n\n\n\n<hr class=\"wp-block-separator has-alpha-channel-opacity\"\/>\n\n\n\n<h3 class=\"wp-block-heading\"><strong><strong>6. Liens externes<\/strong><\/strong><\/h3>\n\n\n\n<p>Notre site peut contenir des liens vers des sites web externes. Nous ne sommes pas responsables de leur contenu ni de leurs pratiques en mati\u00e8re de confidentialit\u00e9. Nous vous invitons \u00e0 consulter leurs politiques avant de fournir toute information personnelle.<\/p>\n\n\n\n<hr class=\"wp-block-separator has-alpha-channel-opacity\"\/>\n\n\n\n<h3 class=\"wp-block-heading\"><strong><strong>7. S\u00e9curit\u00e9<\/strong><\/strong><\/h3>\n\n\n\n<p>Nous mettons en place des mesures de s\u00e9curit\u00e9 robustes pour prot\u00e9ger vos donn\u00e9es. Bien que cela reste rare, un acc\u00e8s non autoris\u00e9 peut survenir. Notre \u00e9quipe de cybers\u00e9curit\u00e9 surveille et met r\u00e9guli\u00e8rement \u00e0 jour les syst\u00e8mes afin de garantir un environnement s\u00fbr.<\/p>\n\n\n\n<hr class=\"wp-block-separator has-alpha-channel-opacity\"\/>\n\n\n\n<h3 class=\"wp-block-heading\"><strong><strong>8. Vente, fusion ou int\u00e9gration de l\u2019entreprise<\/strong><\/strong><\/h3>\n\n\n\n<p>En cas de vente, de fusion ou d\u2019int\u00e9gration de l\u2019entreprise, vos donn\u00e9es pourront \u00eatre transf\u00e9r\u00e9es au nouvel acqu\u00e9reur. Vous en serez inform\u00e9(e) \u00e0 l\u2019avance.<\/p>\n\n\n\n<hr class=\"wp-block-separator has-alpha-channel-opacity\"\/>\n\n\n\n<h3 class=\"wp-block-heading\"><strong><strong>9. Acc\u00e8s aux donn\u00e9es personnelles<\/strong><\/strong><\/h3>\n\n\n\n<p>Vous gardez le contr\u00f4le de vos donn\u00e9es personnelles. Vous pouvez demander leur mise \u00e0 jour, leur correction ou leur suppression. Une v\u00e9rification d\u2019identit\u00e9 peut \u00eatre exig\u00e9e afin de pr\u00e9venir la fraude.<\/p>\n\n\n\n<p>Vos droits dans le cadre du RGPD incluent :<\/p>\n\n\n\n<ul class=\"wp-block-list\">\n<li>La rectification des informations inexactes<\/li>\n\n\n\n<li>La demande de suppression des donn\u00e9es<\/li>\n\n\n\n<li>La limitation du traitement des donn\u00e9es<\/li>\n\n\n\n<li>La portabilit\u00e9 des donn\u00e9es<\/li>\n\n\n\n<li>L\u2019opposition au traitement<\/li>\n\n\n\n<li>La mise \u00e0 jour de votre consentement<\/li>\n\n\n\n<li>Le d\u00e9p\u00f4t de r\u00e9clamations<\/li>\n<\/ul>\n\n\n\n<p><\/p>\n\n\n\n<p>Pour toute demande d\u2019assistance, contactez-nous \u00e0 <strong>support@leanful.com<\/strong>.<\/p>\n\n\n\n<hr class=\"wp-block-separator has-alpha-channel-opacity\"\/>\n\n\n\n<h3 class=\"wp-block-heading\"><strong><strong>10. Mises \u00e0 jour de cette politique<\/strong><\/strong><\/h3>\n\n\n\n<p>Nous pouvons mettre \u00e0 jour la pr\u00e9sente politique de confidentialit\u00e9 si n\u00e9cessaire. La version la plus r\u00e9cente, incluant la date de r\u00e9vision, sera toujours publi\u00e9e sur notre site web.<\/p>\n\n\n\n<hr class=\"wp-block-separator has-alpha-channel-opacity\"\/>\n\n\n\n<h3 class=\"wp-block-heading\"><strong><strong>11. Contactez-nous<\/strong><\/strong><\/h3>\n\n\n\n<p>Si vous avez des questions ou des remarques concernant cette politique, contactez-nous :<\/p>\n\n\n\n<p>T\u00e9l\u00e9phone : +44 (0)20 3837 0744 (Lun\u2013Ven, 9h00\u201317h00)<\/p>\n\n\n\n<p>E-mail : support@leanful.com<\/p>\n\n\n\n<p><\/p>\n","protected":false},"excerpt":{"rendered":"<p>Leanful s\u2019engage \u00e0 prot\u00e9ger votre vie priv\u00e9e et \u00e0 s\u00e9curiser vos informations personnelles \u00e0 chaque \u00e9tape. La pr\u00e9sente d\u00e9claration de confidentialit\u00e9 explique comment nous collectons, utilisons et prot\u00e9geons vos donn\u00e9es, r\u00e9affirmant ainsi notre engagement \u00e0 instaurer une relation de confiance et positive avec nos clients. Cette politique s\u2019applique sp\u00e9cifiquement aux informations personnelles que vous fournissez [&hellip;]<\/p>\n","protected":false},"author":1,"featured_media":0,"parent":0,"menu_order":0,"comment_status":"closed","ping_status":"closed","template":"","meta":{"slim_seo":{"title":"Leanful\u2122 | Politique de Confidentialit\u00e9","description":"D\u00e9couvrez comment Leanful\u2122 collecte, utilise et prot\u00e8ge vos donn\u00e9es personnelles. Notre politique de confidentialit\u00e9 explique vos droits, nos pratiques de s\u00e9curit\u00e9 des donn\u00e9es et la mani\u00e8re dont nous prot\u00e9geons vos informations lors de l\u2019utilisation de notre site ou de nos produits."},"footnotes":""},"class_list":["post-3","page","type-page","status-publish","hentry"],"_links":{"self":[{"href":"https:\/\/leanful.com\/fr\/wp-json\/wp\/v2\/pages\/3","targetHints":{"allow":["GET"]}}],"collection":[{"href":"https:\/\/leanful.com\/fr\/wp-json\/wp\/v2\/pages"}],"about":[{"href":"https:\/\/leanful.com\/fr\/wp-json\/wp\/v2\/types\/page"}],"author":[{"embeddable":true,"href":"https:\/\/leanful.com\/fr\/wp-json\/wp\/v2\/users\/1"}],"replies":[{"embeddable":true,"href":"https:\/\/leanful.com\/fr\/wp-json\/wp\/v2\/comments?post=3"}],"version-history":[{"count":14,"href":"https:\/\/leanful.com\/fr\/wp-json\/wp\/v2\/pages\/3\/revisions"}],"predecessor-version":[{"id":2778,"href":"https:\/\/leanful.com\/fr\/wp-json\/wp\/v2\/pages\/3\/revisions\/2778"}],"wp:attachment":[{"href":"https:\/\/leanful.com\/fr\/wp-json\/wp\/v2\/media?parent=3"}],"curies":[{"name":"wp","href":"https:\/\/api.w.org\/{rel}","templated":true}]}}